{"id":19,"date":"2013-10-25T11:44:11","date_gmt":"2013-10-25T11:44:11","guid":{"rendered":"http:\/\/smartwpress.com\/jamsession\/?page_id=19"},"modified":"2026-03-29T20:17:15","modified_gmt":"2026-03-29T20:17:15","slug":"contact","status":"publish","type":"page","link":"https:\/\/www.ecegulensoy.com\/index.php\/contact\/","title":{"rendered":"\u0130leti\u015fim"},"content":{"rendered":"\t\t<div data-elementor-type=\"wp-page\" data-elementor-id=\"19\" class=\"elementor elementor-19\">\n\t\t\t\t<div class=\"elementor-element elementor-element-70414a34 e-flex e-con-boxed e-con e-parent\" data-id=\"70414a34\" data-element_type=\"container\" data-e-type=\"container\">\n\t\t\t\t\t<div class=\"e-con-inner\">\n\t\t\t\t<div class=\"elementor-element elementor-element-74e3c565 elementor-widget elementor-widget-text-editor\" data-id=\"74e3c565\" data-element_type=\"widget\" data-e-type=\"widget\" data-widget_type=\"text-editor.default\">\n\t\t\t\t\t\t\t\t\t<p>\u00a0<\/p><p><a href=\"mailto:info@ecegulensoy.com\"><span style=\"font-weight: 400;\">info@ecegulensoy.com<\/span><\/a><\/p><p>Whether you like my music or you just would like to say hello, I\u2019d love to hear from you. Follow me on social media or simply use this contact form to send me an email.<\/p><div class=\"social_profiles_contact\">\u00a0<\/div>\t\t\t\t\t\t\t\t<\/div>\n\t\t\t\t<div class=\"elementor-element elementor-element-a55921a elementor-widget elementor-widget-html\" data-id=\"a55921a\" data-element_type=\"widget\" data-e-type=\"widget\" data-widget_type=\"html.default\">\n\t\t\t\t\t<style>\n    #contactform, .contact-form, .contact_form, form.pe-theme-contact-form, .wpcf7 {\n        display: none !important;\n    }\n<\/style>\n\n<style>\n    .sevo-contact-wrapper {\n        max-width: 800px;\n        margin: 40px 0;\n        padding: 40px;\n        background-color: rgba(10, 10, 10, 0.9);\n        border: 1px solid #222;\n        border-radius: 4px;\n        font-family: 'Helvetica Neue', Arial, sans-serif;\n    }\n\n    .sevo-form-group {\n        margin-bottom: 25px;\n    }\n\n    .sevo-form-label {\n        display: block;\n        color: #aaa;\n        font-size: 12px;\n        letter-spacing: 1px;\n        text-transform: uppercase;\n        margin-bottom: 8px;\n    }\n\n    .sevo-form-input, \n    .sevo-form-textarea {\n        width: 100%;\n        background-color: #111;\n        border: 1px solid #333;\n        color: #fff;\n        font-size: 15px;\n        padding: 15px;\n        box-sizing: border-box;\n        transition: all 0.3s ease;\n        font-family: inherit;\n    }\n\n    .sevo-form-textarea {\n        min-height: 150px;\n        resize: vertical;\n    }\n\n    .sevo-form-input:focus, \n    .sevo-form-textarea:focus {\n        border-color: #00d2ff;\n        outline: none;\n        background-color: #050505;\n    }\n\n    .sevo-submit-btn {\n        width: 100%;\n        background-color: transparent;\n        color: #00d2ff;\n        border: 1px solid #00d2ff;\n        padding: 15px;\n        font-size: 14px;\n        font-weight: bold;\n        letter-spacing: 2px;\n        text-transform: uppercase;\n        cursor: pointer;\n        transition: all 0.3s ease;\n    }\n\n    .sevo-submit-btn:hover {\n        background-color: #00d2ff;\n        color: #000;\n        box-shadow: 0 0 20px rgba(0, 210, 255, 0.4);\n    }\n<\/style>\n\n<div class=\"sevo-contact-wrapper\">\n    <form action=\"https:\/\/formspree.io\/f\/xykbevpy\" method=\"POST\">\n        \n        <div class=\"sevo-form-group\">\n            <label class=\"sevo-form-label\">Ad\u0131n\u0131z Soyad\u0131n\u0131z<\/label>\n            <input type=\"text\" name=\"\u0130sim\" class=\"sevo-form-input\" placeholder=\"Ad\u0131n\u0131z Soyad\u0131n\u0131z\" required>\n        <\/div>\n\n        <div class=\"sevo-form-group\">\n            <label class=\"sevo-form-label\">E-posta Adresiniz<\/label>\n            <input type=\"email\" name=\"E-posta\" class=\"sevo-form-input\" placeholder=\"ornek@mail.com\" required>\n        <\/div>\n\n        <div class=\"sevo-form-group\">\n            <label class=\"sevo-form-label\">Konu<\/label>\n            <input type=\"text\" name=\"Konu\" class=\"sevo-form-input\" placeholder=\"Mesaj\u0131n\u0131z\u0131n konusu\">\n        <\/div>\n\n        <div class=\"sevo-form-group\">\n            <label class=\"sevo-form-label\">Mesaj\u0131n\u0131z<\/label>\n            <textarea name=\"Mesaj\" class=\"sevo-form-textarea\" placeholder=\"Mesaj\u0131n\u0131z\u0131 buraya yaz\u0131n...\" required><\/textarea>\n        <\/div>\n\n        <button type=\"submit\" class=\"sevo-submit-btn\">MESAJI G\u00d6NDER<\/button>\n        \n    <\/form>\n<\/div>\t\t\t\t<\/div>\n\t\t\t\t\t<\/div>\n\t\t\t\t<\/div>\n\t\t\t\t<\/div>\n\t\t","protected":false},"excerpt":{"rendered":"<p>\u00a0 info@ecegulensoy.com Whether you like my music or you just would like to say hello, I\u2019d love to hear from<\/p>\n","protected":false},"author":1,"featured_media":0,"parent":0,"menu_order":0,"comment_status":"open","ping_status":"open","template":"page_contact_full.php","meta":{"footnotes":""},"class_list":["post-19","page","type-page","status-publish","hentry"],"_links":{"self":[{"href":"https:\/\/www.ecegulensoy.com\/index.php\/wp-json\/wp\/v2\/pages\/19","targetHints":{"allow":["GET"]}}],"collection":[{"href":"https:\/\/www.ecegulensoy.com\/index.php\/wp-json\/wp\/v2\/pages"}],"about":[{"href":"https:\/\/www.ecegulensoy.com\/index.php\/wp-json\/wp\/v2\/types\/page"}],"author":[{"embeddable":true,"href":"https:\/\/www.ecegulensoy.com\/index.php\/wp-json\/wp\/v2\/users\/1"}],"replies":[{"embeddable":true,"href":"https:\/\/www.ecegulensoy.com\/index.php\/wp-json\/wp\/v2\/comments?post=19"}],"version-history":[{"count":11,"href":"https:\/\/www.ecegulensoy.com\/index.php\/wp-json\/wp\/v2\/pages\/19\/revisions"}],"predecessor-version":[{"id":1413,"href":"https:\/\/www.ecegulensoy.com\/index.php\/wp-json\/wp\/v2\/pages\/19\/revisions\/1413"}],"wp:attachment":[{"href":"https:\/\/www.ecegulensoy.com\/index.php\/wp-json\/wp\/v2\/media?parent=19"}],"curies":[{"name":"wp","href":"https:\/\/api.w.org\/{rel}","templated":true}]}}