{"id":1364,"date":"2025-12-08T09:24:04","date_gmt":"2025-12-08T09:24:04","guid":{"rendered":"https:\/\/www.ecegulensoy.com\/?page_id=1364"},"modified":"2025-12-08T09:50:34","modified_gmt":"2025-12-08T09:50:34","slug":"elementor-1364","status":"publish","type":"page","link":"https:\/\/www.ecegulensoy.com\/","title":{"rendered":"Anasayfa EceGlnsy"},"content":{"rendered":"\t\t<div data-elementor-type=\"wp-page\" data-elementor-id=\"1364\" class=\"elementor elementor-1364\">\n\t\t\t\t<div class=\"elementor-element elementor-element-7b258d6 e-flex e-con-boxed e-con e-parent\" data-id=\"7b258d6\" data-element_type=\"container\" data-e-type=\"container\">\n\t\t\t\t\t<div class=\"e-con-inner\">\n\t\t\t\t<div class=\"elementor-element elementor-element-c5c4bf8 elementor-widget elementor-widget-slider_revolution\" data-id=\"c5c4bf8\" data-element_type=\"widget\" data-e-type=\"widget\" data-widget_type=\"slider_revolution.default\">\n\t\t\t\t\t\n\t\t<div class=\"wp-block-themepunch-revslider\">\n\t\t\t\t<p class=\"rs-p-wp-fix\"><\/p>\n\t\t\t\t<sr7-module data-alias=\"mainrevslider1\" data-id=\"1\" id=\"SR7_1_1\" class=\"rs-ov-hidden\" data-version=\"6.7.38\">\n\t\t\t\t\t<sr7-adjuster><\/sr7-adjuster>\n\t\t\t\t\t<sr7-content>\n\t\t\t\t\t\t<sr7-slide id=\"SR7_1_1-5\" data-key=\"5\">\n\t\t\t\t\t\t\t<sr7-bg id=\"SR7_1_1-5-2\" class=\"sr7-layer\"><noscript><img decoding=\"async\" src=\"https:\/\/www.ecegulensoy.com\/wp-content\/uploads\/2025\/11\/2020_0309_17200400.jpg\" alt=\"\" title=\"2020_0309_17200400\"><\/noscript><\/sr7-bg>\n\t\t\t\t\t\t\t<h1 id=\"SR7_1_1-5-1\" class=\"sr7-layer\">M\u00fczisyen \/ Ses M\u00fchendisi & Tasar\u0131mc\u0131s\u0131<\/h1>\n\t\t\t\t\t\t<\/sr7-slide>\n\t\t\t\t\t\t<sr7-slide id=\"SR7_1_1-3\" data-key=\"3\">\n\t\t\t\t\t\t<\/sr7-slide>\n\t\t\t\t\t<\/sr7-content>\n\t\t\t\t\t<image_lists style=\"display:none\">\n\t\t\t\t\t\t<img data-src=\"\/\/www.ecegulensoy.com\/wp-content\/uploads\/2025\/11\/2020_0309_17200400.jpg\" data-libid=\"1019\" data-lib=\"medialibrary\" title=\"2020_0309_17200400\" width=\"0\" height=\"0\" data-dbsrc=\"Ly93d3cuZWNlZ3VsZW5zb3kuY29tL3dwLWNvbnRlbnQvdXBsb2Fkcy8yMDI1LzExLzIwMjBfMDMwOV8xNzIwMDQwMC5qcGc=\"\/>\n\t\t\t\t\t<\/image_lists>\n\t\t\t\t<\/sr7-module>\n\t\t\t\t<script>\n\t\t\t\t\tSR7.PMH ??={}; SR7.PMH[\"SR7_1_1\"] = {cn:100,state:false,fn: function() { if (_tpt!==undefined && _tpt.prepareModuleHeight !== undefined) {  _tpt.prepareModuleHeight({id:\"SR7_1_1\",el:[350,350,768,960,720],type:'standard',shdw:'0',gh:[350,350,768,960,720],gw:[960,960,1024,778,480],vpt:['-100px&#039;,&#039;-100px&#039;,&#039;-100px&#039;,&#039;-100px&#039;,&#039;-100px'],size:{fullWidth:true, fullHeight:true},fho:'',mh:'0',onh:0,onw:0,bg:{color:'{\"type\":\"solid\",\"orig\":\"#1c2023\",\"string\":\"rgba(28, 32, 35, 1)\"}'},plType:'2',plColor:'#af053e'});   SR7.PMH[\"SR7_1_1\"].state=true;} else if(SR7.PMH[\"SR7_1_1\"].cn-->0)\tsetTimeout( SR7.PMH[\"SR7_1_1\"].fn,19);}};SR7.PMH[\"SR7_1_1\" ].fn();\n\t\t\t\t<\/script>\n<\/div>\n\n\t\t\t\t\t\t<\/div>\n\t\t\t\t\t<\/div>\n\t\t\t\t<\/div>\n\t\t<div class=\"elementor-element elementor-element-00fc39d e-flex e-con-boxed e-con e-parent\" data-id=\"00fc39d\" data-element_type=\"container\" data-e-type=\"container\" data-settings=\"{&quot;background_background&quot;:&quot;classic&quot;}\">\n\t\t\t\t\t<div class=\"e-con-inner\">\n\t\t\t\t<div class=\"elementor-element elementor-element-35c6ab9 elementor-widget elementor-widget-heading\" data-id=\"35c6ab9\" data-element_type=\"widget\" data-e-type=\"widget\" data-widget_type=\"heading.default\">\n\t\t\t\t\t<h2 class=\"elementor-heading-title elementor-size-default\">SON ETK\u0130NL\u0130KLER<\/h2>\t\t\t\t<\/div>\n\t\t<div class=\"elementor-element elementor-element-c6df3f6 e-grid e-con-full e-con e-child\" data-id=\"c6df3f6\" data-element_type=\"container\" data-e-type=\"container\">\n\t\t\t\t<div class=\"elementor-element elementor-element-dcde03d elementor-widget elementor-widget-text-editor\" data-id=\"dcde03d\" data-element_type=\"widget\" data-e-type=\"widget\" data-widget_type=\"text-editor.default\">\n\t\t\t\t\t\t\t\t\t<p><em>2025\/11\/16<\/em><\/p>\t\t\t\t\t\t\t\t<\/div>\n\t\t\t\t<div class=\"elementor-element elementor-element-418f37e elementor-widget elementor-widget-text-editor\" data-id=\"418f37e\" data-element_type=\"widget\" data-e-type=\"widget\" data-widget_type=\"text-editor.default\">\n\t\t\t\t\t\t\t\t\t<p><strong>Concert with \u0130stanbul Pipe Organ Team<\/strong><\/p>\t\t\t\t\t\t\t\t<\/div>\n\t\t\t\t<div class=\"elementor-element elementor-element-849635a elementor-widget elementor-widget-text-editor\" data-id=\"849635a\" data-element_type=\"widget\" data-e-type=\"widget\" data-widget_type=\"text-editor.default\">\n\t\t\t\t\t\t\t\t\t<p>K\u0131r\u0131m Kilisesi<\/p>\t\t\t\t\t\t\t\t<\/div>\n\t\t\t\t<\/div>\n\t\t<div class=\"elementor-element elementor-element-5d4fd71 e-grid e-con-full e-con e-child\" data-id=\"5d4fd71\" data-element_type=\"container\" data-e-type=\"container\">\n\t\t\t\t<div class=\"elementor-element elementor-element-e3e7e8a elementor-widget elementor-widget-text-editor\" data-id=\"e3e7e8a\" data-element_type=\"widget\" data-e-type=\"widget\" data-widget_type=\"text-editor.default\">\n\t\t\t\t\t\t\t\t\t<p>2024\/02\/24<\/p>\t\t\t\t\t\t\t\t<\/div>\n\t\t\t\t<div class=\"elementor-element elementor-element-cf7500e elementor-widget elementor-widget-text-editor\" data-id=\"cf7500e\" data-element_type=\"widget\" data-e-type=\"widget\" data-widget_type=\"text-editor.default\">\n\t\t\t\t\t\t\t\t\t<p><strong>TRT Radyo<\/strong><\/p>\t\t\t\t\t\t\t\t<\/div>\n\t\t\t\t<\/div>\n\t\t<div class=\"elementor-element elementor-element-3b04ef6 e-grid e-con-full e-con e-child\" data-id=\"3b04ef6\" data-element_type=\"container\" data-e-type=\"container\">\n\t\t\t\t<div class=\"elementor-element elementor-element-8441ca4 elementor-widget elementor-widget-text-editor\" data-id=\"8441ca4\" data-element_type=\"widget\" data-e-type=\"widget\" data-widget_type=\"text-editor.default\">\n\t\t\t\t\t\t\t\t\t<p>2023\/01\/07<\/p>\t\t\t\t\t\t\t\t<\/div>\n\t\t\t\t<div class=\"elementor-element elementor-element-0357c97 elementor-widget elementor-widget-text-editor\" data-id=\"0357c97\" data-element_type=\"widget\" data-e-type=\"widget\" data-widget_type=\"text-editor.default\">\n\t\t\t\t\t\t\t\t\t<p><a class=\"row-title\" href=\"https:\/\/www.ecegulensoy.com\/wp-admin\/post.php?post=1102&amp;action=edit\" aria-label=\"\u201cPHILIA TRIO Konseri\u201d (D\u00fczenle)\">PHILIA TRIO Konseri<\/a><\/p>\t\t\t\t\t\t\t\t<\/div>\n\t\t\t\t<div class=\"elementor-element elementor-element-797ed1f elementor-widget elementor-widget-text-editor\" data-id=\"797ed1f\" data-element_type=\"widget\" data-e-type=\"widget\" data-widget_type=\"text-editor.default\">\n\t\t\t\t\t\t\t\t\t<p>Anadolu \u00dcniversitesi &#8211; Koral \u00c7algan Salonu<\/p>\t\t\t\t\t\t\t\t<\/div>\n\t\t\t\t<\/div>\n\t\t\t\t\t<\/div>\n\t\t\t\t<\/div>\n\t\t<div class=\"elementor-element elementor-element-a0415f7 e-con-full e-flex e-con e-parent\" data-id=\"a0415f7\" data-element_type=\"container\" data-e-type=\"container\">\n\t\t\t\t<div class=\"elementor-element elementor-element-a8fb903 elementor-widget elementor-widget-heading\" data-id=\"a8fb903\" data-element_type=\"widget\" data-e-type=\"widget\" data-widget_type=\"heading.default\">\n\t\t\t\t\t<h2 class=\"elementor-heading-title elementor-size-default\">SON FOTO\u011eRAFLAR<\/h2>\t\t\t\t<\/div>\n\t\t\t\t<div class=\"elementor-element elementor-element-ba48ac3 elementor-widget__width-inherit elementor-widget elementor-widget-image-carousel\" data-id=\"ba48ac3\" data-element_type=\"widget\" data-e-type=\"widget\" data-settings=\"{&quot;slides_to_show&quot;:&quot;6&quot;,&quot;navigation&quot;:&quot;none&quot;,&quot;lazyload&quot;:&quot;yes&quot;,&quot;autoplay&quot;:&quot;yes&quot;,&quot;pause_on_hover&quot;:&quot;yes&quot;,&quot;pause_on_interaction&quot;:&quot;yes&quot;,&quot;autoplay_speed&quot;:5000,&quot;infinite&quot;:&quot;yes&quot;,&quot;speed&quot;:500}\" data-widget_type=\"image-carousel.default\">\n\t\t\t\t\t\t\t<div class=\"elementor-image-carousel-wrapper swiper\" role=\"region\" aria-roledescription=\"carousel\" aria-label=\"Resim D\u00f6ng\u00fcs\u00fc\" dir=\"ltr\">\n\t\t\t<div class=\"elementor-image-carousel swiper-wrapper swiper-image-stretch\" aria-live=\"off\">\n\t\t\t\t\t\t\t\t<div class=\"swiper-slide\" role=\"group\" aria-roledescription=\"slide\" aria-label=\"1 \/ 6\"><figure class=\"swiper-slide-inner\"><img class=\"swiper-slide-image swiper-lazy\" data-src=\"https:\/\/www.ecegulensoy.com\/wp-content\/uploads\/2025\/11\/IMG-20200310-WA0006-150x150.jpg\" alt=\"IMG-20200310-WA0006\" \/><div class=\"swiper-lazy-preloader\"><\/div><\/figure><\/div><div class=\"swiper-slide\" role=\"group\" aria-roledescription=\"slide\" aria-label=\"2 \/ 6\"><figure class=\"swiper-slide-inner\"><img class=\"swiper-slide-image swiper-lazy\" data-src=\"https:\/\/www.ecegulensoy.com\/wp-content\/uploads\/2025\/11\/IMG-20210223-WA0029-150x150.jpg\" alt=\"IMG-20210223-WA0029\" \/><div class=\"swiper-lazy-preloader\"><\/div><\/figure><\/div><div class=\"swiper-slide\" role=\"group\" aria-roledescription=\"slide\" aria-label=\"3 \/ 6\"><figure class=\"swiper-slide-inner\"><img class=\"swiper-slide-image swiper-lazy\" data-src=\"https:\/\/www.ecegulensoy.com\/wp-content\/uploads\/2025\/11\/IMG-20220317-WA0023-150x150.jpg\" alt=\"IMG-20220317-WA0023\" \/><div class=\"swiper-lazy-preloader\"><\/div><\/figure><\/div><div class=\"swiper-slide\" role=\"group\" aria-roledescription=\"slide\" aria-label=\"4 \/ 6\"><figure class=\"swiper-slide-inner\"><img class=\"swiper-slide-image swiper-lazy\" data-src=\"https:\/\/www.ecegulensoy.com\/wp-content\/uploads\/2025\/11\/1583772700470_2020_0309_17112600-150x150.jpg\" alt=\"1583772700470_2020_0309_17112600\" \/><div class=\"swiper-lazy-preloader\"><\/div><\/figure><\/div><div class=\"swiper-slide\" role=\"group\" aria-roledescription=\"slide\" aria-label=\"5 \/ 6\"><figure class=\"swiper-slide-inner\"><img class=\"swiper-slide-image swiper-lazy\" data-src=\"https:\/\/www.ecegulensoy.com\/wp-content\/uploads\/2025\/11\/2020_0309_17515000-150x150.jpg\" alt=\"2020_0309_17515000\" \/><div class=\"swiper-lazy-preloader\"><\/div><\/figure><\/div><div class=\"swiper-slide\" role=\"group\" aria-roledescription=\"slide\" aria-label=\"6 \/ 6\"><figure class=\"swiper-slide-inner\"><img class=\"swiper-slide-image swiper-lazy\" data-src=\"https:\/\/www.ecegulensoy.com\/wp-content\/uploads\/2025\/11\/IMG_20210117_234844_867-150x150.jpg\" alt=\"IMG_20210117_234844_867\" \/><div class=\"swiper-lazy-preloader\"><\/div><\/figure><\/div>\t\t\t<\/div>\n\t\t\t\t\t\t\t\n\t\t\t\t\t\t\t\t\t<\/div>\n\t\t\t\t\t\t<\/div>\n\t\t\t\t<\/div>\n\t\t<div class=\"elementor-element elementor-element-8845287 e-flex e-con-boxed e-con e-parent\" data-id=\"8845287\" data-element_type=\"container\" data-e-type=\"container\">\n\t\t\t\t\t<div class=\"e-con-inner\">\n\t\t\t\t<div class=\"elementor-element elementor-element-f59e25a elementor-widget elementor-widget-heading\" data-id=\"f59e25a\" data-element_type=\"widget\" data-e-type=\"widget\" data-widget_type=\"heading.default\">\n\t\t\t\t\t<h2 class=\"elementor-heading-title elementor-size-default\">SON V\u0130DEOLAR<\/h2>\t\t\t\t<\/div>\n\t\t\t\t\t<\/div>\n\t\t\t\t<\/div>\n\t\t<div class=\"elementor-element elementor-element-cd3ea9d e-flex e-con-boxed e-con e-parent\" data-id=\"cd3ea9d\" data-element_type=\"container\" data-e-type=\"container\">\n\t\t\t\t\t<div class=\"e-con-inner\">\n\t\t\t\t<div class=\"elementor-element elementor-element-dc5b1e5 elementor-widget elementor-widget-jpt-videos\" data-id=\"dc5b1e5\" data-element_type=\"widget\" data-e-type=\"widget\" data-widget_type=\"jpt-videos.default\">\n\t\t\t\t<div class=\"elementor-widget-container\">\n\t\t\t\t\t\r\n\t\t<div class=\"swp-videos-widget-container\">\r\n\t\t\t<div class=\"videos_container\">\r\n\t\t\t\t\r\n\t\t\t\t\t<div class=\"no_border single_video_item has_right_padding transition3\">\r\n\t\t\t\t\t\t<a href=\"https:\/\/www.ecegulensoy.com\/index.php\/video\/astor-piazzolla-cafe-1930-irem-ece-gulensoy-caner-kan-clarinet-guitar\/\">\r\n\t\t\t\t\t\t\t<div class=\"video_image_container lc_swp_background_image\" data-bgimage=\"https:\/\/www.ecegulensoy.com\/wp-content\/uploads\/2025\/11\/maxresdefault.jpg\">\r\n\t\t\t\t\t\t\t\t<div class=\"post_icon_more lmc_widget_icon visible_icon\">\r\n\t\t\t\t\t\t\t\t\t<i class=\"fas fa-play lc_icon_play_video\" aria-hidden=\"true\"><\/i>\r\n\t\t\t\t\t\t\t\t<\/div>\r\n\t\t\t\t\t\t\t<\/div>\r\n\t\t\t\t\t\t<\/a>\r\n\r\n\t\t\t\t\t\t<div class=\"single_video_details post_item_title\">\r\n\t\t\t\t\t\t\t<a href=\"https:\/\/www.ecegulensoy.com\/index.php\/video\/astor-piazzolla-cafe-1930-irem-ece-gulensoy-caner-kan-clarinet-guitar\/\">\r\n\t\t\t\t\t\t\t\t<h3 class=\"video_widget_title transition3\"> Astor Piazzolla &#8211; Cafe 1930 \/\/ \u0130rem Ece G\u00fclensoy &#038; Caner Kan (Clarinet &#038; Guitar) <\/h3>\r\n\t\t\t\t\t\t\t<\/a>\r\n\t\t\t\t\t\t<\/div>\r\n\t\t\t\t\t<\/div>\r\n\t\t\t\t\r\n\t\t\t\t\t<div class=\"no_border single_video_item transition3\">\r\n\t\t\t\t\t\t<a href=\"https:\/\/www.ecegulensoy.com\/index.php\/video\/aram-khachaturian-etude-no-1-irem-ece-gulensoy-deniz-unsal\/\">\r\n\t\t\t\t\t\t\t<div class=\"video_image_container lc_swp_background_image\" data-bgimage=\"https:\/\/www.ecegulensoy.com\/wp-content\/uploads\/2025\/11\/maxresdefault-1.jpg\">\r\n\t\t\t\t\t\t\t\t<div class=\"post_icon_more lmc_widget_icon visible_icon\">\r\n\t\t\t\t\t\t\t\t\t<i class=\"fas fa-play lc_icon_play_video\" aria-hidden=\"true\"><\/i>\r\n\t\t\t\t\t\t\t\t<\/div>\r\n\t\t\t\t\t\t\t<\/div>\r\n\t\t\t\t\t\t<\/a>\r\n\r\n\t\t\t\t\t\t<div class=\"single_video_details post_item_title\">\r\n\t\t\t\t\t\t\t<a href=\"https:\/\/www.ecegulensoy.com\/index.php\/video\/aram-khachaturian-etude-no-1-irem-ece-gulensoy-deniz-unsal\/\">\r\n\t\t\t\t\t\t\t\t<h3 class=\"video_widget_title transition3\"> Aram Khachaturian &#8211; Etude No.1 \/\/ \u0130rem Ece G\u00fclensoy &#038; Deniz \u00dcnsal <\/h3>\r\n\t\t\t\t\t\t\t<\/a>\r\n\t\t\t\t\t\t<\/div>\r\n\t\t\t\t\t<\/div>\r\n\t\t\t\t\r\n\t\t\t\t\t<div class=\"no_border single_video_item has_right_padding transition3\">\r\n\t\t\t\t\t\t<a href=\"https:\/\/www.ecegulensoy.com\/index.php\/video\/s-rachmaninoff-vocalise-irem-ece-gulensoy-muge-sumer\/\">\r\n\t\t\t\t\t\t\t<div class=\"video_image_container lc_swp_background_image\" data-bgimage=\"https:\/\/www.ecegulensoy.com\/wp-content\/uploads\/2025\/11\/maxresdefault-2.jpg\">\r\n\t\t\t\t\t\t\t\t<div class=\"post_icon_more lmc_widget_icon visible_icon\">\r\n\t\t\t\t\t\t\t\t\t<i class=\"fas fa-play lc_icon_play_video\" aria-hidden=\"true\"><\/i>\r\n\t\t\t\t\t\t\t\t<\/div>\r\n\t\t\t\t\t\t\t<\/div>\r\n\t\t\t\t\t\t<\/a>\r\n\r\n\t\t\t\t\t\t<div class=\"single_video_details post_item_title\">\r\n\t\t\t\t\t\t\t<a href=\"https:\/\/www.ecegulensoy.com\/index.php\/video\/s-rachmaninoff-vocalise-irem-ece-gulensoy-muge-sumer\/\">\r\n\t\t\t\t\t\t\t\t<h3 class=\"video_widget_title transition3\"> S. Rachmaninoff &#8211; Vocalise \/\/ \u0130rem Ece G\u00fclensoy &#038; M\u00fcge S\u00fcmer <\/h3>\r\n\t\t\t\t\t\t\t<\/a>\r\n\t\t\t\t\t\t<\/div>\r\n\t\t\t\t\t<\/div>\r\n\t\t\t\t\r\n\t\t\t\t\t<div class=\"no_border single_video_item transition3\">\r\n\t\t\t\t\t\t<a href=\"https:\/\/www.ecegulensoy.com\/index.php\/video\/f-chopin-valse-op-70-no-2-irem-ece-gulensoy\/\">\r\n\t\t\t\t\t\t\t<div class=\"video_image_container lc_swp_background_image\" data-bgimage=\"https:\/\/www.ecegulensoy.com\/wp-content\/uploads\/2025\/11\/maxresdefault-3.jpg\">\r\n\t\t\t\t\t\t\t\t<div class=\"post_icon_more lmc_widget_icon visible_icon\">\r\n\t\t\t\t\t\t\t\t\t<i class=\"fas fa-play lc_icon_play_video\" aria-hidden=\"true\"><\/i>\r\n\t\t\t\t\t\t\t\t<\/div>\r\n\t\t\t\t\t\t\t<\/div>\r\n\t\t\t\t\t\t<\/a>\r\n\r\n\t\t\t\t\t\t<div class=\"single_video_details post_item_title\">\r\n\t\t\t\t\t\t\t<a href=\"https:\/\/www.ecegulensoy.com\/index.php\/video\/f-chopin-valse-op-70-no-2-irem-ece-gulensoy\/\">\r\n\t\t\t\t\t\t\t\t<h3 class=\"video_widget_title transition3\"> F. Chopin: Valse Op.70 No.2 \/\/ \u0130rem Ece G\u00fclensoy <\/h3>\r\n\t\t\t\t\t\t\t<\/a>\r\n\t\t\t\t\t\t<\/div>\r\n\t\t\t\t\t<\/div>\r\n\t\t\t\t\t\r\n\t\t\t\t<div class=\"clearfix\"><\/div>\r\n\t\t\t<\/div>\r\n\t\t<\/div>\r\n\t\t\t\t\t<\/div>\n\t\t\t\t<\/div>\n\t\t\t\t\t<\/div>\n\t\t\t\t<\/div>\n\t\t<div class=\"elementor-element elementor-element-f2fd4fb e-flex e-con-boxed e-con e-parent\" data-id=\"f2fd4fb\" data-element_type=\"container\" data-e-type=\"container\" data-settings=\"{&quot;background_background&quot;:&quot;classic&quot;}\">\n\t\t\t\t\t<div class=\"e-con-inner\">\n\t\t\t\t<div class=\"elementor-element elementor-element-3cee53a elementor-widget elementor-widget-heading\" data-id=\"3cee53a\" data-element_type=\"widget\" data-e-type=\"widget\" data-widget_type=\"heading.default\">\n\t\t\t\t\t<h2 class=\"elementor-heading-title elementor-size-default\">\u0130LET\u0130\u015e\u0130M<\/h2>\t\t\t\t<\/div>\n\t\t\t\t<div class=\"elementor-element elementor-element-5a818c5 elementor-widget elementor-widget-jpt-social-icons\" data-id=\"5a818c5\" data-element_type=\"widget\" data-e-type=\"widget\" data-widget_type=\"jpt-social-icons.default\">\n\t\t\t\t<div class=\"elementor-widget-container\">\n\t\t\t\t\t\r\n\t\t<div class=\"social_profiles_contact js_vc_social_profiles\">\r\n\t\t\t<ul class=\"float_container\"><li><a target=\"_blank\" href=\"https:\/\/www.facebook.com\/irem.gulensoy\/?locale=tr_TR\" title=\"Facebook\"><i class=\"icon-facebook\"><\/i><\/a><\/li><li><a target=\"_blank\" href=\"https:\/\/scholar.google.com\/citations?user=cxJle-UAAAAJ&hl=tr\" title=\"Google Plus\"><i class=\"icon-gplus\"><\/i><\/a><\/li><li><a target=\"_blank\" href=\"https:\/\/www.youtube.com\/@ecegulensoy\" title=\"YouTube\"><i class=\"icon-youtube\"><\/i><\/a><\/li><li><a target=\"_blank\" href=\"https:\/\/soundcloud.com\/user-123725768\" title=\"SoundCloud\"><i class=\"icon-soundcloud\"><\/i><\/a><\/li><li><a target=\"_blank\" href=\"https:\/\/letterboxd.com\/ecegulensoy\/\" title=\"Flickr\"><i class=\"icon-flickr\"><\/i><\/a><\/li><li><a target=\"_blank\" href=\"https:\/\/www.instagram.com\/ecegulensoy\/\" title=\"Instagram\"><i class=\"icon-instagramm\"><\/i><\/a><\/li><li><a target=\"_blank\" href=\"https:\/\/music.apple.com\/tr\/artist\/i-rem-ece-g%C3%BClensoy\/1531485760?l=tr\" title=\"iTunes\"><i class=\"icon-itunes\"><\/i><\/a><\/li><li><a target=\"_blank\" href=\"https:\/\/open.spotify.com\/intl-tr\/artist\/5F5Xu7lhbRm2uqVxpAoKYD?si=cSQR1z1NRliZ_EYwoEFZqQ\" title=\"Spotify\"><i class=\"icon-spotify\"><\/i><\/a><\/li><li><a target=\"_blank\" href=\"https:\/\/tidal.com\/browse\/artist\/21292833\" title=\"Tidal\"><i class=\"icon-headphones\"><\/i><\/a><\/li><li><a target=\"_blank\" href=\"https:\/\/tr.linkedin.com\/in\/irem-ece-g%C3%BClensoy-6788b8258\/en?trk=people-guest_people_search-card\" title=\"LinkedIn\"><i class=\"icon-linkedin-squared\"><\/i><\/a><\/li><\/ul>\t\t<\/div>\r\n\r\n\t\t\t\t\t\t<\/div>\n\t\t\t\t<\/div>\n\t\t\t\t<div class=\"elementor-element elementor-element-e9e6ef8 elementor-widget elementor-widget-jpt-contact-form\" data-id=\"e9e6ef8\" data-element_type=\"widget\" data-e-type=\"widget\" data-widget_type=\"jpt-contact-form.default\">\n\t\t\t\t<div class=\"elementor-widget-container\">\n\t\t\t\t\t\t<div class=\"js_swp_center_container for_ajax_contact\">\r\n\t\t<div id=\"contactform\" class=\"jpt-elt-widget\">\r\n\t\t\t<form id=\"contactForm\">\t\t\t\t\t\t\r\n\t\t\t\t<ul class=\"contactform\">\r\n\t\t\t\t\t<li class=\"comment-form-author\">\r\n\t\t\t\t\t\t<label for=\"contactName\">\u0130sim<span class=\"required_field\">*<\/span><\/label>\r\n\t\t\t\t\t\t<input type=\"text\" name=\"contactName\" id=\"contactName\" class=\"required requiredField contactNameInput\" \/>\r\n\t\t\t\t\t\t<span class=\"error\">Please enter your name.<\/span>\r\n\t\t\t\t\t<\/li>\r\n\r\n\t\t\t\t\t<li class=\"comment-form-email\">\r\n\t\t\t\t\t\t<label for=\"email\">Email<span class=\"required_field\">*<\/span><\/label>\r\n\t\t\t\t\t\t<input type=\"text\" name=\"email\" id=\"email\" class=\"required requiredField email\" \/>\r\n\t\t\t\t\t\t<span class=\"error\">Please enter a correct email address.<\/span>\r\n\t\t\t\t\t<\/li>\r\n\t\t\r\n\t\t\t\t\t<li class=\"comment-form-url\">\r\n\t\t\t\t\t\t<label for=\"phone\">Telefon<\/label>\r\n\t\t\t\t\t\t<input type=\"text\" name=\"phone\" id=\"phone\" \/>\r\n\t\t\t\t\t<\/li>\r\n\r\n\t\t\t\t\t<li class=\"comment-form-comment\">\r\n\t\t\t\t\t\t<label for=\"commentsText\">Mesaj<span class=\"required_field\">*<\/span><\/label>\r\n\t\t\t\t\t\t<textarea name=\"comments\" id=\"commentsText\" rows=\"10\" cols=\"30\" class=\"required requiredField\" contactMessageInput><\/textarea>\r\n\t\t\t\t\t\t<span class=\"error\">Please enter a message.<\/span>\r\n\t\t\t\t\t<\/li>\r\n\r\n\t\t\t\t\t<li class=\"captcha_error\">\r\n\t\t\t\t\t\t<span class=\"error\">Incorrect reCaptcha. Please enter reCaptcha challenge.<\/span>\r\n\t\t\t\t\t<\/li>\r\n\t\t\r\n\t\t\t\t\t<li class=\"wp_mail_error\">\r\n\t\t\t\t\t\t<span class=\"error\">Cannot send mail, an error occurred while delivering this message. Please try again later.<\/span>\r\n\t\t\t\t\t<\/li>\t\r\n\t\t\r\n\t\t\t\t\t<li class=\"formResultOK\">\r\n\t\t\t\t\t\t<span class=\"error\">Your message was sent successfully. Thanks!<\/span>\r\n\t\t\t\t\t<\/li>\r\n\t\t\r\n\t\t\r\n\t\t\t\t\t\t\t\r\n\t\t\t\t\t<li class=\"button_container\">\r\n\t\t\t\t\t\t<input name=\"Button1\" type=\"submit\" id=\"submit\" value=\"G\u00f6nder\" >\r\n\t\t\t\t\t\t<div class=\"progressAction\">\r\n\t\t\t\t\t\t\t<img decoding=\"async\" src=\"https:\/\/www.ecegulensoy.com\/wp-content\/themes\/jamsession\/images\/progress.gif\">\r\n\t\t\t\t\t\t<\/div>\r\n\t\t\t\t\t<\/li>\r\n\t\t\t\t<\/ul>\r\n\t\t\t\t\r\n\t\t\t\t<input type=\"hidden\" name=\"action\" value=\"contactformajax_action\" \/>\r\n\t\t\t\t\t\t\t<\/form>\r\n\t\t<\/div>\r\n\t<\/div>\r\n\r\n\t\t\t\t\t<\/div>\n\t\t\t\t<\/div>\n\t\t\t\t\t<\/div>\n\t\t\t\t<\/div>\n\t\t\t\t<\/div>\n\t\t","protected":false},"excerpt":{"rendered":"<p>SON ETK\u0130NL\u0130KLER 2025\/11\/16 Concert with \u0130stanbul Pipe Organ Team K\u0131r\u0131m Kilisesi 2024\/02\/24 TRT Radyo 2023\/01\/07 PHILIA TRIO Konseri Anadolu \u00dcniversitesi<\/p>\n","protected":false},"author":1,"featured_media":0,"parent":0,"menu_order":0,"comment_status":"closed","ping_status":"closed","template":"elementor_header_footer","meta":{"footnotes":""},"class_list":["post-1364","page","type-page","status-publish","hentry"],"_links":{"self":[{"href":"https:\/\/www.ecegulensoy.com\/index.php\/wp-json\/wp\/v2\/pages\/1364","targetHints":{"allow":["GET"]}}],"collection":[{"href":"https:\/\/www.ecegulensoy.com\/index.php\/wp-json\/wp\/v2\/pages"}],"about":[{"href":"https:\/\/www.ecegulensoy.com\/index.php\/wp-json\/wp\/v2\/types\/page"}],"author":[{"embeddable":true,"href":"https:\/\/www.ecegulensoy.com\/index.php\/wp-json\/wp\/v2\/users\/1"}],"replies":[{"embeddable":true,"href":"https:\/\/www.ecegulensoy.com\/index.php\/wp-json\/wp\/v2\/comments?post=1364"}],"version-history":[{"count":5,"href":"https:\/\/www.ecegulensoy.com\/index.php\/wp-json\/wp\/v2\/pages\/1364\/revisions"}],"predecessor-version":[{"id":1370,"href":"https:\/\/www.ecegulensoy.com\/index.php\/wp-json\/wp\/v2\/pages\/1364\/revisions\/1370"}],"wp:attachment":[{"href":"https:\/\/www.ecegulensoy.com\/index.php\/wp-json\/wp\/v2\/media?parent=1364"}],"curies":[{"name":"wp","href":"https:\/\/api.w.org\/{rel}","templated":true}]}}